{"id":131899,"date":"2023-12-18T21:50:05","date_gmt":"2023-12-18T21:50:05","guid":{"rendered":"https:\/\/www.roiroom.com\/?page_id=131899"},"modified":"2024-01-07T20:13:31","modified_gmt":"2024-01-07T20:13:31","slug":"propuesta-gratis","status":"publish","type":"page","link":"https:\/\/www.roiroom.com\/es\/propuesta-gratis\/","title":{"rendered":"Obtenga una Propuesta Gratis"},"content":{"rendered":"<div class=\"wpb-content-wrapper\"><p>[vc_row row_height_percent=\u00bb0&#8243; override_padding=\u00bbyes\u00bb h_padding=\u00bb7&#8243; top_padding=\u00bb5&#8243; bottom_padding=\u00bb5&#8243; back_color=\u00bbcolor-wayh\u00bb back_image=\u00bb83743&#8243; back_position=\u00bbcenter center\u00bb overlay_color=\u00bbcolor-210407&#8243; overlay_alpha=\u00bb90&#8243; gutter_size=\u00bb3&#8243; column_width_percent=\u00bb100&#8243; shift_y=\u00bb0&#8243; z_index=\u00bb0&#8243;][vc_column column_width_percent=\u00bb100&#8243; position_vertical=\u00bbmiddle\u00bb align_horizontal=\u00bbalign_center\u00bb gutter_size=\u00bb3&#8243; style=\u00bbdark\u00bb overlay_alpha=\u00bb50&#8243; shift_x=\u00bb0&#8243; shift_y=\u00bb0&#8243; shift_y_down=\u00bb0&#8243; z_index=\u00bb0&#8243; medium_width=\u00bb0&#8243; mobile_width=\u00bb0&#8243; zoom_width=\u00bb0&#8243; zoom_height=\u00bb0&#8243; width=\u00bb1\/1&#8243;][vc_custom_heading heading_semantic=\u00bbh1&#8243; text_font=\u00bbfont-971161&#8243; text_size=\u00bbfontsize-146029&#8243; text_weight=\u00bb700&#8243; text_height=\u00bbfontheight-179065&#8243; sub_reduced=\u00bbyes\u00bb text_uppercase=\u00bb\u00bb uncode_shortcode_id=\u00bb157023&#8243;]Propuesta Gratis[\/vc_custom_heading][\/vc_column][\/vc_row][vc_row unlock_row_content=\u00bbyes\u00bb row_height_percent=\u00bb100&#8243; override_padding=\u00bbyes\u00bb h_padding=\u00bb0&#8243; top_padding=\u00bb0&#8243; bottom_padding=\u00bb0&#8243; overlay_alpha=\u00bb50&#8243; gutter_size=\u00bb0&#8243; column_width_percent=\u00bb100&#8243; shift_y=\u00bb0&#8243; z_index=\u00bb0&#8243; uncode_shortcode_id=\u00bb189662&#8243;][vc_column column_width_percent=\u00bb100&#8243; gutter_size=\u00bb3&#8243; override_padding=\u00bbyes\u00bb column_padding=\u00bb4&#8243; overlay_alpha=\u00bb50&#8243; shift_x=\u00bb0&#8243; shift_y=\u00bb0&#8243; shift_y_down=\u00bb0&#8243; z_index=\u00bb0&#8243; medium_width=\u00bb0&#8243; mobile_width=\u00bb0&#8243; width=\u00bb1\/2&#8243; uncode_shortcode_id=\u00bb131989&#8243;][vc_custom_heading text_font=\u00bbfont-971161&#8243; text_size=\u00bbfontsize-121235&#8243; text_weight=\u00bb700&#8243; text_transform=\u00bbcapitalize\u00bb text_align=\u00bbtext-left\u00bb text_uppercase=\u00bb\u00bb uncode_shortcode_id=\u00bb395233&#8243;]Solicita una Propuesta Personalizada Gratis[\/vc_custom_heading][vc_raw_html]JTNDc2NyaXB0JTIwY2hhcnNldCUzRCUyMnV0Zi04JTIyJTIwdHlwZSUzRCUyMnRleHQlMkZqYXZhc2NyaXB0JTIyJTIwc3JjJTNEJTIyJTJGJTJGanMuaHNmb3Jtcy5uZXQlMkZmb3JtcyUyRmVtYmVkJTJGdjIuanMlMjIlM0UlM0MlMkZzY3JpcHQlM0UlMEElM0NzY3JpcHQlM0UlMEElMjAlMjBoYnNwdC5mb3Jtcy5jcmVhdGUlMjglN0IlMEElMjAlMjAlMjAlMjByZWdpb24lM0ElMjAlMjJuYTElMjIlMkMlMEElMjAlMjAlMjAlMjBwb3J0YWxJZCUzQSUyMCUyMjIxOTczNTgyJTIyJTJDJTBBJTIwJTIwJTIwJTIwZm9ybUlkJTNBJTIwJTIyN2FmZGQ2YWUtNDY4NS00NzUxLWIzNWEtODA0YTEzZTY3Y2NkJTIyJTBBJTIwJTIwJTdEJTI5JTNCJTBBJTNDJTJGc2NyaXB0JTNF[\/vc_raw_html][\/vc_column][vc_column column_width_percent=\u00bb100&#8243; gutter_size=\u00bb3&#8243; override_padding=\u00bbyes\u00bb column_padding=\u00bb3&#8243; back_color=\u00bbcolor-lxmt\u00bb overlay_alpha=\u00bb50&#8243; shift_x=\u00bb0&#8243; shift_y=\u00bb0&#8243; shift_y_down=\u00bb0&#8243; z_index=\u00bb0&#8243; medium_width=\u00bb0&#8243; mobile_width=\u00bb0&#8243; width=\u00bb1\/2&#8243; uncode_shortcode_id=\u00bb141661&#8243; back_color_type=\u00bbuncode-palette\u00bb][vc_empty_space empty_h=\u00bb1&#8243; mobile_visibility=\u00bbyes\u00bb][vc_icon position=\u00bbleft\u00bb icon=\u00bbfa fa-check-circle\u00bb icon_color=\u00bbcolor-210407&#8243; uncode_shortcode_id=\u00bb621584&#8243; title=\u00bbAumenta tus Ventas\u00bb icon_color_type=\u00bbuncode-palette\u00bb]Desde nuestra primera conversaci\u00f3n, nos enfocamos en entender tu negocio, tus competidores y tu mercado. Revisaremos tu sitio web y adaptaremos nuestro enfoque para satisfacer tus necesidades.[\/vc_icon][vc_icon position=\u00bbleft\u00bb icon=\u00bbfa fa-check-circle\u00bb icon_color=\u00bbcolor-210407&#8243; uncode_shortcode_id=\u00bb123594&#8243; title=\u00bbIncrementa tu Retorno de Inversi\u00f3n\u00bb icon_color_type=\u00bbuncode-palette\u00bb]Nuestro equipo identificar\u00e1 las mejores estrategias para generar m\u00e1s valor de su presencia en l\u00ednea, asegur\u00e1ndose de que obtenga el m\u00e1ximo provecho de cada d\u00f3lar gastado.[\/vc_icon][vc_icon position=\u00bbleft\u00bb icon=\u00bbfa fa-check-circle\u00bb icon_color=\u00bbcolor-210407&#8243; uncode_shortcode_id=\u00bb199087&#8243; title=\u00bbCrece tu Negocio\u00bb icon_color_type=\u00bbuncode-palette\u00bb]Estableceremos pasos claros sobre c\u00f3mo nuestra asociaci\u00f3n con Roi Room contribuir\u00e1 al crecimiento de tu negocio, detallando todo, desde costos hasta cronogramas, todo enfocado en expandir tu empresa.[\/vc_icon][vc_empty_space empty_h=\u00bb5&#8243; mobile_visibility=\u00bbyes\u00bb][vc_empty_space empty_h=\u00bb5&#8243; mobile_visibility=\u00bbyes\u00bb][\/vc_column][\/vc_row]<\/p>\n<\/div>","protected":false},"excerpt":{"rendered":"<p>[vc_row row_height_percent=\u00bb0&#8243; override_padding=\u00bbyes\u00bb h_padding=\u00bb7&#8243; top_padding=\u00bb5&#8243; bottom_padding=\u00bb5&#8243; back_color=\u00bbcolor-wayh\u00bb back_image=\u00bb83743&#8243; back_position=\u00bbcenter center\u00bb overlay_color=\u00bbcolor-210407&#8243; overlay_alpha=\u00bb90&#8243; gutter_size=\u00bb3&#8243; column_width_percent=\u00bb100&#8243; shift_y=\u00bb0&#8243; z_index=\u00bb0&#8243;][vc_column column_width_percent=\u00bb100&#8243; position_vertical=\u00bbmiddle\u00bb align_horizontal=\u00bbalign_center\u00bb gutter_size=\u00bb3&#8243; [&hellip;]<\/p>\n","protected":false},"author":1,"featured_media":0,"parent":0,"menu_order":0,"comment_status":"open","ping_status":"closed","template":"","meta":{"footnotes":""},"class_list":["post-131899","page","type-page","status-publish","hentry"],"yoast_head":"<!-- This site is optimized with the Yoast SEO plugin v27.3 - https:\/\/yoast.com\/product\/yoast-seo-wordpress\/ -->\n<title>Cont\u00e1ctenos | Roi Room<\/title>\n<meta name=\"robots\" content=\"index, follow, max-snippet:-1, max-image-preview:large, max-video-preview:-1\" \/>\n<link rel=\"canonical\" href=\"https:\/\/www.roiroom.com\/free-proposal\/\" \/>\n<meta property=\"og:locale\" content=\"es_ES\" \/>\n<meta property=\"og:type\" content=\"article\" \/>\n<meta property=\"og:title\" content=\"Cont\u00e1ctenos | Roi Room\" \/>\n<meta property=\"og:description\" content=\"[vc_row row_height_percent=\u00bb0&#8243; override_padding=\u00bbyes\u00bb h_padding=\u00bb7&#8243; top_padding=\u00bb5&#8243; bottom_padding=\u00bb5&#8243; back_color=\u00bbcolor-wayh\u00bb back_image=\u00bb83743&#8243; back_position=\u00bbcenter center\u00bb overlay_color=\u00bbcolor-210407&#8243; overlay_alpha=\u00bb90&#8243; gutter_size=\u00bb3&#8243; column_width_percent=\u00bb100&#8243; shift_y=\u00bb0&#8243; z_index=\u00bb0&#8243;][vc_column column_width_percent=\u00bb100&#8243; position_vertical=\u00bbmiddle\u00bb align_horizontal=\u00bbalign_center\u00bb gutter_size=\u00bb3&#8243; [&hellip;]\" \/>\n<meta property=\"og:url\" content=\"https:\/\/www.roiroom.com\/free-proposal\/\" \/>\n<meta property=\"og:site_name\" content=\"Roi Room\" \/>\n<meta property=\"article:modified_time\" content=\"2024-01-07T20:13:31+00:00\" \/>\n<meta name=\"twitter:card\" content=\"summary_large_image\" \/>\n<meta name=\"twitter:label1\" content=\"Tiempo de lectura\" \/>\n\t<meta name=\"twitter:data1\" content=\"1 minuto\" \/>\n<script type=\"application\/ld+json\" class=\"yoast-schema-graph\">{\"@context\":\"https:\\\/\\\/schema.org\",\"@graph\":[{\"@type\":\"WebPage\",\"@id\":\"https:\\\/\\\/www.roiroom.com\\\/free-proposal\\\/\",\"url\":\"https:\\\/\\\/www.roiroom.com\\\/free-proposal\\\/\",\"name\":\"Cont\u00e1ctenos | Roi Room\",\"isPartOf\":{\"@id\":\"https:\\\/\\\/www.roiroom.com\\\/#website\"},\"datePublished\":\"2023-12-18T21:50:05+00:00\",\"dateModified\":\"2024-01-07T20:13:31+00:00\",\"breadcrumb\":{\"@id\":\"https:\\\/\\\/www.roiroom.com\\\/free-proposal\\\/#breadcrumb\"},\"inLanguage\":\"es\",\"potentialAction\":[{\"@type\":\"ReadAction\",\"target\":[\"https:\\\/\\\/www.roiroom.com\\\/free-proposal\\\/\"]}]},{\"@type\":\"BreadcrumbList\",\"@id\":\"https:\\\/\\\/www.roiroom.com\\\/free-proposal\\\/#breadcrumb\",\"itemListElement\":[{\"@type\":\"ListItem\",\"position\":1,\"name\":\"Home\",\"item\":\"https:\\\/\\\/www.roiroom.com\\\/es\\\/\"},{\"@type\":\"ListItem\",\"position\":2,\"name\":\"Obtenga una Propuesta Gratis\"}]},{\"@type\":\"WebSite\",\"@id\":\"https:\\\/\\\/www.roiroom.com\\\/#website\",\"url\":\"https:\\\/\\\/www.roiroom.com\\\/\",\"name\":\"Roi Room\",\"description\":\"Digital Marketing Agency\",\"potentialAction\":[{\"@type\":\"SearchAction\",\"target\":{\"@type\":\"EntryPoint\",\"urlTemplate\":\"https:\\\/\\\/www.roiroom.com\\\/?s={search_term_string}\"},\"query-input\":{\"@type\":\"PropertyValueSpecification\",\"valueRequired\":true,\"valueName\":\"search_term_string\"}}],\"inLanguage\":\"es\"}]}<\/script>\n<!-- \/ Yoast SEO plugin. -->","yoast_head_json":{"title":"Cont\u00e1ctenos | Roi Room","robots":{"index":"index","follow":"follow","max-snippet":"max-snippet:-1","max-image-preview":"max-image-preview:large","max-video-preview":"max-video-preview:-1"},"canonical":"https:\/\/www.roiroom.com\/free-proposal\/","og_locale":"es_ES","og_type":"article","og_title":"Cont\u00e1ctenos | Roi Room","og_description":"[vc_row row_height_percent=\u00bb0&#8243; override_padding=\u00bbyes\u00bb h_padding=\u00bb7&#8243; top_padding=\u00bb5&#8243; bottom_padding=\u00bb5&#8243; back_color=\u00bbcolor-wayh\u00bb back_image=\u00bb83743&#8243; back_position=\u00bbcenter center\u00bb overlay_color=\u00bbcolor-210407&#8243; overlay_alpha=\u00bb90&#8243; gutter_size=\u00bb3&#8243; column_width_percent=\u00bb100&#8243; shift_y=\u00bb0&#8243; z_index=\u00bb0&#8243;][vc_column column_width_percent=\u00bb100&#8243; position_vertical=\u00bbmiddle\u00bb align_horizontal=\u00bbalign_center\u00bb gutter_size=\u00bb3&#8243; [&hellip;]","og_url":"https:\/\/www.roiroom.com\/free-proposal\/","og_site_name":"Roi Room","article_modified_time":"2024-01-07T20:13:31+00:00","twitter_card":"summary_large_image","twitter_misc":{"Tiempo de lectura":"1 minuto"},"schema":{"@context":"https:\/\/schema.org","@graph":[{"@type":"WebPage","@id":"https:\/\/www.roiroom.com\/free-proposal\/","url":"https:\/\/www.roiroom.com\/free-proposal\/","name":"Cont\u00e1ctenos | Roi Room","isPartOf":{"@id":"https:\/\/www.roiroom.com\/#website"},"datePublished":"2023-12-18T21:50:05+00:00","dateModified":"2024-01-07T20:13:31+00:00","breadcrumb":{"@id":"https:\/\/www.roiroom.com\/free-proposal\/#breadcrumb"},"inLanguage":"es","potentialAction":[{"@type":"ReadAction","target":["https:\/\/www.roiroom.com\/free-proposal\/"]}]},{"@type":"BreadcrumbList","@id":"https:\/\/www.roiroom.com\/free-proposal\/#breadcrumb","itemListElement":[{"@type":"ListItem","position":1,"name":"Home","item":"https:\/\/www.roiroom.com\/es\/"},{"@type":"ListItem","position":2,"name":"Obtenga una Propuesta Gratis"}]},{"@type":"WebSite","@id":"https:\/\/www.roiroom.com\/#website","url":"https:\/\/www.roiroom.com\/","name":"Roi Room","description":"Digital Marketing Agency","potentialAction":[{"@type":"SearchAction","target":{"@type":"EntryPoint","urlTemplate":"https:\/\/www.roiroom.com\/?s={search_term_string}"},"query-input":{"@type":"PropertyValueSpecification","valueRequired":true,"valueName":"search_term_string"}}],"inLanguage":"es"}]}},"_links":{"self":[{"href":"https:\/\/www.roiroom.com\/es\/wp-json\/wp\/v2\/pages\/131899","targetHints":{"allow":["GET"]}}],"collection":[{"href":"https:\/\/www.roiroom.com\/es\/wp-json\/wp\/v2\/pages"}],"about":[{"href":"https:\/\/www.roiroom.com\/es\/wp-json\/wp\/v2\/types\/page"}],"author":[{"embeddable":true,"href":"https:\/\/www.roiroom.com\/es\/wp-json\/wp\/v2\/users\/1"}],"replies":[{"embeddable":true,"href":"https:\/\/www.roiroom.com\/es\/wp-json\/wp\/v2\/comments?post=131899"}],"version-history":[{"count":0,"href":"https:\/\/www.roiroom.com\/es\/wp-json\/wp\/v2\/pages\/131899\/revisions"}],"wp:attachment":[{"href":"https:\/\/www.roiroom.com\/es\/wp-json\/wp\/v2\/media?parent=131899"}],"curies":[{"name":"wp","href":"https:\/\/api.w.org\/{rel}","templated":true}]}}